{"id":12834,"date":"2026-02-25T11:43:45","date_gmt":"2026-02-25T09:43:45","guid":{"rendered":"https:\/\/www.mascontour.info\/itb-mascontour-2026\/"},"modified":"2026-02-28T16:15:07","modified_gmt":"2026-02-28T14:15:07","slug":"itb-mascontour-2026","status":"publish","type":"page","link":"https:\/\/www.mascontour.info\/de\/itb-mascontour-2026\/","title":{"rendered":"ITB mascontour 2026"},"content":{"rendered":"\t\t<div data-elementor-type=\"wp-page\" data-elementor-id=\"12834\" class=\"elementor elementor-12834 elementor-12707\" data-elementor-post-type=\"page\">\n\t\t\t\t\t\t<section data-particle_enable=\"false\" data-particle-mobile-disabled=\"false\" class=\"elementor-section elementor-top-section elementor-element elementor-element-27f3f991 elementor-section-height-min-height elementor-section-boxed elementor-section-height-default elementor-section-items-middle\" data-id=\"27f3f991\" data-element_type=\"section\" data-e-type=\"section\" id=\"sustainability-lounge\" data-settings=\"{&quot;background_background&quot;:&quot;classic&quot;}\">\n\t\t\t\t\t\t\t<div class=\"elementor-background-overlay\"><\/div>\n\t\t\t\t\t\t\t<div class=\"elementor-container elementor-column-gap-default\">\n\t\t\t\t\t<div class=\"elementor-column elementor-col-100 elementor-top-column elementor-element elementor-element-4581c611\" data-id=\"4581c611\" data-element_type=\"column\" data-e-type=\"column\">\n\t\t\t<div class=\"elementor-widget-wrap elementor-element-populated\">\n\t\t\t\t\t\t\t<\/div>\n\t\t<\/div>\n\t\t\t\t\t<\/div>\n\t\t<\/section>\n\t\t<div data-particle_enable=\"false\" data-particle-mobile-disabled=\"false\" class=\"elementor-element elementor-element-3c8fed4 e-flex e-con-boxed e-con e-parent\" data-id=\"3c8fed4\" data-element_type=\"container\" data-e-type=\"container\">\n\t\t\t\t\t<div class=\"e-con-inner\">\n\t\t<div data-particle_enable=\"false\" data-particle-mobile-disabled=\"false\" class=\"elementor-element elementor-element-a183335 e-con-full e-flex e-con e-child\" data-id=\"a183335\" data-element_type=\"container\" data-e-type=\"container\">\n\t\t\t\t<div class=\"elementor-element elementor-element-c616ce1 elementor-widget elementor-widget-heading\" data-id=\"c616ce1\" data-element_type=\"widget\" data-e-type=\"widget\" data-widget_type=\"heading.default\">\n\t\t\t\t\t<h3 class=\"elementor-heading-title elementor-size-default\">Unsere Nachhaltigkeits-Lounge\n\n\n\n<\/h3>\t\t\t\t<\/div>\n\t\t\t\t<div class=\"elementor-element elementor-element-bf9629b elementor-widget elementor-widget-text-editor\" data-id=\"bf9629b\" data-element_type=\"widget\" data-e-type=\"widget\" data-widget_type=\"text-editor.default\">\n\t\t\t\t\t\t\t\t\t<h5>Halle 4.1, Stand 218<\/h5><p>Die ITB Sustainability Lounge ist <strong>der Treffpunkt f\u00fcr die Sustainability Community &#8211; powered by mascontour &#8211;<\/strong> wo zuk\u00fcnftige Nachhaltigkeitstrends, Konzepte und L\u00f6sungen f\u00fcr die Tourismusbranche in entspannter Atmosph\u00e4re ausgetauscht werden k\u00f6nnen.<\/p><p><strong>Sonderausgabe zu unserem 20-j\u00e4hrigen Jubil\u00e4um:<\/strong> Anl\u00e4sslich des <strong>20-j\u00e4hrigen<\/strong> Jubil\u00e4ums <strong>von mascontour<\/strong> bieten wir Ihnen in diesem Jahr mehr <strong>Besprechungstische und einen noch besseren Service<\/strong> &#8211; damit Sie sich w\u00e4hrend der Messe noch einfacher und bequemer unterhalten k\u00f6nnen.<\/p><p>Die Lounge bietet Ihnen <strong>Besprechungstische, hei\u00dfe Getr\u00e4nke und Wasser KOSTENLOS<\/strong> f\u00fcr Treffen mit Ihren Kollegen, Partnern und Kunden!<\/p><h4><strong><a href=\"https:\/\/mascontour.simplybook.it\/v2\/#book\/service\/16\" target=\"_blank\" rel=\"noopener\">Buchen Sie jetzt Ihren Tisch und teilen Sie den Link mit Ihrem Netzwerk.  <\/a><\/strong><\/h4><p>F\u00fcr alle, die w\u00e4hrend der <strong>ITB BERLIN 2026<\/strong> einen spontanen Raum f\u00fcr Meetings ben\u00f6tigen, halten wir auch <strong>begehbare Kapazit\u00e4ten<\/strong> bereit. Schauen Sie einfach vorbei! <\/p><p>Wir freuen uns, Sie in der ITB Sustainability Lounge begr\u00fc\u00dfen zu d\u00fcrfen!<\/p>\t\t\t\t\t\t\t\t<\/div>\n\t\t\t\t<div class=\"elementor-element elementor-element-1db10f6 elementor-align-center elementor-widget elementor-widget-button\" data-id=\"1db10f6\" data-element_type=\"widget\" data-e-type=\"widget\" data-widget_type=\"button.default\">\n\t\t\t\t\t\t\t\t\t\t<a class=\"elementor-button elementor-button-link elementor-size-sm\" href=\"https:\/\/mascontour.simplybook.it\/v2\/#book\/service\/16\" target=\"_blank\" rel=\"noopener\">\n\t\t\t\t\t\t<span class=\"elementor-button-content-wrapper\">\n\t\t\t\t\t\t\t\t\t<span class=\"elementor-button-text\">Buchen Sie Ihren Tisch<\/span>\n\t\t\t\t\t<\/span>\n\t\t\t\t\t<\/a>\n\t\t\t\t\t\t\t\t<\/div>\n\t\t\t\t<\/div>\n\t\t<div data-particle_enable=\"false\" data-particle-mobile-disabled=\"false\" class=\"elementor-element elementor-element-60943df e-con-full e-flex e-con e-child\" data-id=\"60943df\" data-element_type=\"container\" data-e-type=\"container\" data-settings=\"{&quot;background_background&quot;:&quot;classic&quot;}\">\n\t\t\t\t<\/div>\n\t\t\t\t\t<\/div>\n\t\t\t\t<\/div>\n\t\t<div data-particle_enable=\"false\" data-particle-mobile-disabled=\"false\" class=\"elementor-element elementor-element-f9dea90 e-flex e-con-boxed e-con e-parent\" data-id=\"f9dea90\" data-element_type=\"container\" data-e-type=\"container\">\n\t\t\t\t\t<div class=\"e-con-inner\">\n\t\t<div data-particle_enable=\"false\" data-particle-mobile-disabled=\"false\" class=\"elementor-element elementor-element-150e642 e-con-full e-flex e-con e-child\" data-id=\"150e642\" data-element_type=\"container\" data-e-type=\"container\">\n\t\t\t\t<div class=\"elementor-element elementor-element-06ff4eb elementor-align-center elementor-widget elementor-widget-button\" data-id=\"06ff4eb\" data-element_type=\"widget\" data-e-type=\"widget\" data-widget_type=\"button.default\">\n\t\t\t\t\t\t\t\t\t\t<a class=\"elementor-button elementor-button-link elementor-size-sm\" href=\"https:\/\/www.mascontour.info\/de\/itb-2026\/\">\n\t\t\t\t\t\t<span class=\"elementor-button-content-wrapper\">\n\t\t\t\t\t\t\t\t\t<span class=\"elementor-button-text\">mascontour @ ITB \u00dcbersicht<\/span>\n\t\t\t\t\t<\/span>\n\t\t\t\t\t<\/a>\n\t\t\t\t\t\t\t\t<\/div>\n\t\t\t\t<\/div>\n\t\t\t\t\t<\/div>\n\t\t\t\t<\/div>\n\t\t<div data-particle_enable=\"false\" data-particle-mobile-disabled=\"false\" class=\"elementor-element elementor-element-c792c88 e-flex e-con-boxed e-con e-parent\" data-id=\"c792c88\" data-element_type=\"container\" data-e-type=\"container\" id=\"mcitbevents\">\n\t\t\t\t\t<div class=\"e-con-inner\">\n\t\t<div data-particle_enable=\"false\" data-particle-mobile-disabled=\"false\" class=\"elementor-element elementor-element-7bca0c2 e-con-full e-flex e-con e-child\" data-id=\"7bca0c2\" data-element_type=\"container\" data-e-type=\"container\">\n\t\t\t\t<div class=\"elementor-element elementor-element-857c4e7 elementor-widget__width-initial elementor-widget elementor-widget-heading\" data-id=\"857c4e7\" data-element_type=\"widget\" data-e-type=\"widget\" data-widget_type=\"heading.default\">\n\t\t\t\t\t<h3 class=\"elementor-heading-title elementor-size-default\">mascontour's ITB Veranstaltungen<\/h3>\t\t\t\t<\/div>\n\t\t\t\t<\/div>\n\t\t\t\t\t<\/div>\n\t\t\t\t<\/div>\n\t\t<div data-particle_enable=\"false\" data-particle-mobile-disabled=\"false\" class=\"elementor-element elementor-element-e74805c e-flex e-con-boxed e-con e-parent\" data-id=\"e74805c\" data-element_type=\"container\" data-e-type=\"container\">\n\t\t\t\t\t<div class=\"e-con-inner\">\n\t\t<div data-particle_enable=\"false\" data-particle-mobile-disabled=\"false\" class=\"elementor-element elementor-element-359a04d e-con-full e-flex e-con e-child\" data-id=\"359a04d\" data-element_type=\"container\" data-e-type=\"container\" data-settings=\"{&quot;background_background&quot;:&quot;classic&quot;}\">\n\t\t\t\t<\/div>\n\t\t<div data-particle_enable=\"false\" data-particle-mobile-disabled=\"false\" class=\"elementor-element elementor-element-d5a4560 e-con-full e-flex e-con e-child\" data-id=\"d5a4560\" data-element_type=\"container\" data-e-type=\"container\">\n\t\t\t\t<div class=\"elementor-element elementor-element-7734e92 elementor-widget elementor-widget-heading\" data-id=\"7734e92\" data-element_type=\"widget\" data-e-type=\"widget\" data-widget_type=\"heading.default\">\n\t\t\t\t\t<h4 class=\"elementor-heading-title elementor-size-default\"><b>Wie sieht ein nachhaltiges Kreuzfahrtmodell aus? <\/b> <\/h4>\t\t\t\t<\/div>\n\t\t\t\t<div class=\"elementor-element elementor-element-75f71ba elementor-widget elementor-widget-text-editor\" data-id=\"75f71ba\" data-element_type=\"widget\" data-e-type=\"widget\" data-widget_type=\"text-editor.default\">\n\t\t\t\t\t\t\t\t\t<h5>3. M\u00e4rz 2026, City Cube \/ Raum R 12, 12:30 &#8211; 13:30<\/h5><h5><strong>Unser Team auf der B\u00fchne: Diana K\u00f6rner &amp; Matthias Beyer<\/strong><\/h5><p>Der Kreuzfahrttourismus boomt, doch f\u00fcr kleine Inselstaaten wie die Seychellen sind die \u00f6kologischen und wirtschaftlichen Auswirkungen nach wie vor nicht ausreichend erforscht und werden nicht ausreichend ber\u00fccksichtigt. Die Seychelles Sustainable Tourism Foundation (SSTF) hat mit Unterst\u00fctzung von SeyCCAT und Partnern wie mascontour repr\u00e4sentative Prim\u00e4rdaten zu den direkten wirtschaftlichen und \u00f6kologischen Auswirkungen von Kreuzfahrtaktivit\u00e4ten auf den Inner Islands der Seychellen gesammelt. Auf dieser Podiumsdiskussion werden die wichtigsten Ergebnisse vorgestellt und es wird er\u00f6rtert, wie Kreuzfahrtziele einen Ausgleich zwischen wirtschaftlichen Vorteilen und \u00f6kologischem Verantwortungsbewusstsein schaffen k\u00f6nnen.<\/p>\t\t\t\t\t\t\t\t<\/div>\n\t\t\t\t<div class=\"elementor-element elementor-element-c9c3519 elementor-align-center elementor-widget elementor-widget-button\" data-id=\"c9c3519\" data-element_type=\"widget\" data-e-type=\"widget\" data-widget_type=\"button.default\">\n\t\t\t\t\t\t\t\t\t\t<a class=\"elementor-button elementor-button-link elementor-size-sm\" href=\"https:\/\/navigate.itb.com\/eventdate\/What-Does-a-Sustainable-Cruise-Model-look-like-Designing-Cruise-Models-that-Benefit-Local-Economies-and-Respect-Island-Ecosystems--592bbf7f-9018-4d7f-a65d-da18dbe24e06\" target=\"_blank\" rel=\"noopener\">\n\t\t\t\t\t\t<span class=\"elementor-button-content-wrapper\">\n\t\t\t\t\t\t\t\t\t<span class=\"elementor-button-text\">Finden Sie mehr heraus<\/span>\n\t\t\t\t\t<\/span>\n\t\t\t\t\t<\/a>\n\t\t\t\t\t\t\t\t<\/div>\n\t\t\t\t<div class=\"elementor-element elementor-element-e4468a0 elementor-align-center elementor-widget elementor-widget-button\" data-id=\"e4468a0\" data-element_type=\"widget\" data-e-type=\"widget\" data-widget_type=\"button.default\">\n\t\t\t\t\t\t\t\t\t\t<a class=\"elementor-button elementor-button-link elementor-size-sm\" href=\"https:\/\/www.mascontour.info\/wp-content\/uploads\/2026\/02\/Pressemitteilung_mascontour_Nachhaltige_Kreuzfahrt.pdf\" target=\"_blank\">\n\t\t\t\t\t\t<span class=\"elementor-button-content-wrapper\">\n\t\t\t\t\t\t\t\t\t<span class=\"elementor-button-text\">Download Pressemitteilung<\/span>\n\t\t\t\t\t<\/span>\n\t\t\t\t\t<\/a>\n\t\t\t\t\t\t\t\t<\/div>\n\t\t\t\t<\/div>\n\t\t\t\t\t<\/div>\n\t\t\t\t<\/div>\n\t\t<div data-particle_enable=\"false\" data-particle-mobile-disabled=\"false\" class=\"elementor-element elementor-element-a457998 e-flex e-con-boxed e-con e-parent\" data-id=\"a457998\" data-element_type=\"container\" data-e-type=\"container\">\n\t\t\t\t\t<div class=\"e-con-inner\">\n\t\t<div data-particle_enable=\"false\" data-particle-mobile-disabled=\"false\" class=\"elementor-element elementor-element-b97e686 e-con-full e-flex e-con e-child\" data-id=\"b97e686\" data-element_type=\"container\" data-e-type=\"container\">\n\t\t\t\t<div class=\"elementor-element elementor-element-f1284fd elementor-widget elementor-widget-heading\" data-id=\"f1284fd\" data-element_type=\"widget\" data-e-type=\"widget\" data-widget_type=\"heading.default\">\n\t\t\t\t\t<h4 class=\"elementor-heading-title elementor-size-default\"><b>Die Klimaanpassungsl\u00fccke im Tourismus: Vom Risiko zur Widerstandsf\u00e4higkeit<\/b><\/h4>\t\t\t\t<\/div>\n\t\t\t\t<div class=\"elementor-element elementor-element-ac1b99c elementor-widget elementor-widget-text-editor\" data-id=\"ac1b99c\" data-element_type=\"widget\" data-e-type=\"widget\" data-widget_type=\"text-editor.default\">\n\t\t\t\t\t\t\t\t\t<h5>5. M\u00e4rz 2026, Halle 7.1a Orange Stage, 11:00 &#8211; 12:00<\/h5><h5><strong>Unser Team auf der B\u00fchne: Matthias Beyer &amp; Thomas Frommhold<\/strong><\/h5><p>Tourismusdestinationen auf der ganzen Welt haben bereits mit den Folgen des Klimawandels zu k\u00e4mpfen &#8211; von Hitzewellen und Wasserknappheit bis hin zu St\u00fcrmen, \u00dcberschwemmungen und dem Verlust der Artenvielfalt. Aber wie gut sind sie auf die Anpassung vorbereitet? In dieser Sitzung werden die exklusiven Ergebnisse einer neuen globalen Umfrage zur Klimaanpassung im Tourismus vorgestellt, die gemeinsam von der ITB und dem internationalen Beratungsunternehmen mascontour durchgef\u00fchrt wurde. Die Ergebnisse geben Aufschluss dar\u00fcber, wie Reiseziele auf allen Kontinenten Klimarisiken einsch\u00e4tzen, welche Anpassungsma\u00dfnahmen ergriffen werden und wo die gr\u00f6\u00dften Hindernisse und der gr\u00f6\u00dfte Bedarf an Unterst\u00fctzung bestehen. In der Sitzung werden wir herausfinden, was wirklich n\u00f6tig ist, damit der Tourismus die Herausforderung des Klimawandels meistern kann &#8211; und ob der Sektor bereit ist, vom Risiko zur Widerstandsf\u00e4higkeit \u00fcberzugehen.    <\/p>\t\t\t\t\t\t\t\t<\/div>\n\t\t\t\t<div class=\"elementor-element elementor-element-a0b9da2 elementor-align-center elementor-widget elementor-widget-button\" data-id=\"a0b9da2\" data-element_type=\"widget\" data-e-type=\"widget\" data-widget_type=\"button.default\">\n\t\t\t\t\t\t\t\t\t\t<a class=\"elementor-button elementor-button-link elementor-size-sm\" href=\"https:\/\/navigate.itb.com\/eventdate\/The-Climate-Adaptation-Gap-in-Tourism-From-Risk-to-Resilience--ed_0303\" target=\"_blank\" rel=\"noopener\">\n\t\t\t\t\t\t<span class=\"elementor-button-content-wrapper\">\n\t\t\t\t\t\t\t\t\t<span class=\"elementor-button-text\">Finden Sie mehr heraus<\/span>\n\t\t\t\t\t<\/span>\n\t\t\t\t\t<\/a>\n\t\t\t\t\t\t\t\t<\/div>\n\t\t\t\t<div class=\"elementor-element elementor-element-4dfa5df elementor-align-center elementor-widget elementor-widget-button\" data-id=\"4dfa5df\" data-element_type=\"widget\" data-e-type=\"widget\" data-widget_type=\"button.default\">\n\t\t\t\t\t\t\t\t\t\t<a class=\"elementor-button elementor-button-link elementor-size-sm\" href=\"https:\/\/www.mascontour.info\/wp-content\/uploads\/2026\/02\/Pressemitteilung_mascontour_Klimaanpassung.pdf\" target=\"_blank\">\n\t\t\t\t\t\t<span class=\"elementor-button-content-wrapper\">\n\t\t\t\t\t\t\t\t\t<span class=\"elementor-button-text\">Download Pressemitteilung<\/span>\n\t\t\t\t\t<\/span>\n\t\t\t\t\t<\/a>\n\t\t\t\t\t\t\t\t<\/div>\n\t\t\t\t<\/div>\n\t\t<div data-particle_enable=\"false\" data-particle-mobile-disabled=\"false\" class=\"elementor-element elementor-element-a89c49e e-con-full e-flex e-con e-child\" data-id=\"a89c49e\" data-element_type=\"container\" data-e-type=\"container\" data-settings=\"{&quot;background_background&quot;:&quot;classic&quot;}\">\n\t\t\t\t<\/div>\n\t\t\t\t\t<\/div>\n\t\t\t\t<\/div>\n\t\t<div data-particle_enable=\"false\" data-particle-mobile-disabled=\"false\" class=\"elementor-element elementor-element-10fa88b e-flex e-con-boxed e-con e-parent\" data-id=\"10fa88b\" data-element_type=\"container\" data-e-type=\"container\">\n\t\t\t\t\t<div class=\"e-con-inner\">\n\t\t<div data-particle_enable=\"false\" data-particle-mobile-disabled=\"false\" class=\"elementor-element elementor-element-3b4047f e-con-full e-flex e-con e-child\" data-id=\"3b4047f\" data-element_type=\"container\" data-e-type=\"container\" data-settings=\"{&quot;background_background&quot;:&quot;classic&quot;}\">\n\t\t\t\t<\/div>\n\t\t<div data-particle_enable=\"false\" data-particle-mobile-disabled=\"false\" class=\"elementor-element elementor-element-47fbc0d e-con-full e-flex e-con e-child\" data-id=\"47fbc0d\" data-element_type=\"container\" data-e-type=\"container\">\n\t\t\t\t<div class=\"elementor-element elementor-element-023562f elementor-widget elementor-widget-heading\" data-id=\"023562f\" data-element_type=\"widget\" data-e-type=\"widget\" data-widget_type=\"heading.default\">\n\t\t\t\t\t<h4 class=\"elementor-heading-title elementor-size-default\"><b>Sch\u00fctzen, was wir verkaufen: Verankerung der Biodiversit\u00e4t in der DNA des Tourismus<\/b><\/h4>\t\t\t\t<\/div>\n\t\t\t\t<div class=\"elementor-element elementor-element-a9ce1dd elementor-widget elementor-widget-text-editor\" data-id=\"a9ce1dd\" data-element_type=\"widget\" data-e-type=\"widget\" data-widget_type=\"text-editor.default\">\n\t\t\t\t\t\t\t\t\t<h5>5. M\u00e4rz 2026, Halle 7.1a Orange Stage, 12:00 &#8211; 13:00<\/h5><h5><strong>Unser Team auf der B\u00fchne: Matthias Beyer  <\/strong><\/h5><p>Die biologische Vielfalt ist die Grundlage f\u00fcr florierende Reiseziele &#8211; doch der Tourismus kann sie sowohl sch\u00fctzen als auch gef\u00e4hrden. Welche Rolle sollte unsere Branche bei der Bewahrung des Reichtums der Natur spielen? Welche Faktoren, die zum Verlust der biologischen Vielfalt beitragen, m\u00fcssen in den eigenen Wertsch\u00f6pfungsketten ber\u00fccksichtigt werden, insbesondere wenn es um das F&amp;B-Angebot geht? Und wie kann der Naturschutz strategisch in den Tourismusbetrieb eingebettet werden? Die Mitglieder von Futouris haben sich mit dem WWF Deutschland und mascontour zusammengetan, um von der Theorie zur Tat zu schreiten: Sie entwickeln Strategien zum Schutz der biologischen Vielfalt f\u00fcr ihre Wertsch\u00f6pfungsketten, identifizieren Brennpunkte f\u00fcr Ma\u00dfnahmen und starten effektive, bahnbrechende Projekte, die negative Auswirkungen reduzieren und die biologische Vielfalt wiederherstellen. In dieser Sitzung werden wir Erkenntnisse austauschen, praktische Schritte anregen und erkunden, wie Tourismusunternehmen sich als Vorreiter im Naturschutz positionieren k\u00f6nnen, um echte Wirkung zu erzielen und gleichzeitig ihre Widerstandsf\u00e4higkeit zu st\u00e4rken. Nehmen Sie an der Diskussion teil, um eine Zukunft zu gestalten, in der das Reisen die Vielfalt des Lebens erh\u00e4lt, von der es abh\u00e4ngt.      <\/p>\t\t\t\t\t\t\t\t<\/div>\n\t\t\t\t<div class=\"elementor-element elementor-element-11cc537 elementor-align-center elementor-widget elementor-widget-button\" data-id=\"11cc537\" data-element_type=\"widget\" data-e-type=\"widget\" data-widget_type=\"button.default\">\n\t\t\t\t\t\t\t\t\t\t<a class=\"elementor-button elementor-button-link elementor-size-sm\" href=\"https:\/\/navigate.itb.com\/eventdate\/Safeguarding-What-We-Sell-Embedding-Biodiversity-in-Tourism-s-DNA--ed_0304\" target=\"_blank\" rel=\"noopener\">\n\t\t\t\t\t\t<span class=\"elementor-button-content-wrapper\">\n\t\t\t\t\t\t\t\t\t<span class=\"elementor-button-text\">Finden Sie mehr heraus<\/span>\n\t\t\t\t\t<\/span>\n\t\t\t\t\t<\/a>\n\t\t\t\t\t\t\t\t<\/div>\n\t\t\t\t<\/div>\n\t\t\t\t\t<\/div>\n\t\t\t\t<\/div>\n\t\t<div data-particle_enable=\"false\" data-particle-mobile-disabled=\"false\" class=\"elementor-element elementor-element-cc9457e e-flex e-con-boxed e-con e-parent\" data-id=\"cc9457e\" data-element_type=\"container\" data-e-type=\"container\" data-settings=\"{&quot;background_background&quot;:&quot;classic&quot;}\">\n\t\t\t\t\t<div class=\"e-con-inner\">\n\t\t<div data-particle_enable=\"false\" data-particle-mobile-disabled=\"false\" class=\"elementor-element elementor-element-5b5c3d4 e-con-full e-flex e-con e-child\" data-id=\"5b5c3d4\" data-element_type=\"container\" data-e-type=\"container\">\n\t\t\t\t<div class=\"elementor-element elementor-element-8b0f083 elementor-widget elementor-widget-heading\" data-id=\"8b0f083\" data-element_type=\"widget\" data-e-type=\"widget\" data-widget_type=\"heading.default\">\n\t\t\t\t\t<h3 class=\"elementor-heading-title elementor-size-default\">Weitere Informationen<\/h3>\t\t\t\t<\/div>\n\t\t\t\t<div class=\"elementor-element elementor-element-c9d5d83 elementor-widget elementor-widget-text-editor\" data-id=\"c9d5d83\" data-element_type=\"widget\" data-e-type=\"widget\" data-widget_type=\"text-editor.default\">\n\t\t\t\t\t\t\t\t\t<p style=\"text-align: left;\">Wenn Sie mehr \u00fcber mascontour erfahren m\u00f6chten, besuchen Sie uns in Halle 4.1, Stand 218 oder buchen Sie einen Termin mit unserem Team!<\/p>\t\t\t\t\t\t\t\t<\/div>\n\t\t\t\t<div class=\"elementor-element elementor-element-4c1a933 elementor-align-left elementor-mobile-align-center elementor-widget elementor-widget-button\" data-id=\"4c1a933\" data-element_type=\"widget\" data-e-type=\"widget\" data-widget_type=\"button.default\">\n\t\t\t\t\t\t\t\t\t\t<a class=\"elementor-button elementor-button-link elementor-size-sm\" href=\"https:\/\/mascontour.simplybook.it\/v2\/#book\/service\/17\" target=\"_blank\" rel=\"noopener\">\n\t\t\t\t\t\t<span class=\"elementor-button-content-wrapper\">\n\t\t\t\t\t\t<span class=\"elementor-button-icon\">\n\t\t\t\t<i aria-hidden=\"true\" class=\"fas fa-file\"><\/i>\t\t\t<\/span>\n\t\t\t\t\t\t\t\t\t<span class=\"elementor-button-text\">Buchen Sie ein Treffen mit dem Team<\/span>\n\t\t\t\t\t<\/span>\n\t\t\t\t\t<\/a>\n\t\t\t\t\t\t\t\t<\/div>\n\t\t\t\t<div class=\"elementor-element elementor-element-8fb35a6 elementor-align-left elementor-mobile-align-center elementor-widget elementor-widget-button\" data-id=\"8fb35a6\" data-element_type=\"widget\" data-e-type=\"widget\" data-widget_type=\"button.default\">\n\t\t\t\t\t\t\t\t\t\t<a class=\"elementor-button elementor-button-link elementor-size-sm\" href=\"https:\/\/www.mascontour.info\/de\/itb-2026\/\">\n\t\t\t\t\t\t<span class=\"elementor-button-content-wrapper\">\n\t\t\t\t\t\t<span class=\"elementor-button-icon\">\n\t\t\t\t<i aria-hidden=\"true\" class=\"fas fa-file\"><\/i>\t\t\t<\/span>\n\t\t\t\t\t\t\t\t\t<span class=\"elementor-button-text\">mascontour @ITB \u00dcbersicht<\/span>\n\t\t\t\t\t<\/span>\n\t\t\t\t\t<\/a>\n\t\t\t\t\t\t\t\t<\/div>\n\t\t\t\t<\/div>\n\t\t<div data-particle_enable=\"false\" data-particle-mobile-disabled=\"false\" class=\"elementor-element elementor-element-af4ba95 e-con-full e-flex e-con e-child\" data-id=\"af4ba95\" data-element_type=\"container\" data-e-type=\"container\" data-settings=\"{&quot;background_background&quot;:&quot;classic&quot;}\">\n\t\t\t\t<\/div>\n\t\t\t\t\t<\/div>\n\t\t\t\t<\/div>\n\t\t<div data-particle_enable=\"false\" data-particle-mobile-disabled=\"false\" class=\"elementor-element elementor-element-06fcc60 e-flex e-con-boxed e-con e-parent\" data-id=\"06fcc60\" data-element_type=\"container\" data-e-type=\"container\">\n\t\t\t\t\t<div class=\"e-con-inner\">\n\t\t\t\t\t<\/div>\n\t\t\t\t<\/div>\n\t\t<div data-particle_enable=\"false\" data-particle-mobile-disabled=\"false\" class=\"elementor-element elementor-element-a6d2f0c e-flex e-con-boxed e-con e-parent\" data-id=\"a6d2f0c\" data-element_type=\"container\" data-e-type=\"container\">\n\t\t\t\t\t<div class=\"e-con-inner\">\n\t\t\t\t\t<\/div>\n\t\t\t\t<\/div>\n\t\t\t\t<\/div>\n\t\t","protected":false},"excerpt":{"rendered":"<p>mascontour at ITB Berlin 2025<\/p>\n","protected":false},"author":9,"featured_media":10375,"parent":0,"menu_order":0,"comment_status":"closed","ping_status":"closed","template":"elementor_header_footer","meta":{"footnotes":""},"class_list":["post-12834","page","type-page","status-publish","has-post-thumbnail","hentry"],"_links":{"self":[{"href":"https:\/\/www.mascontour.info\/de\/wp-json\/wp\/v2\/pages\/12834","targetHints":{"allow":["GET"]}}],"collection":[{"href":"https:\/\/www.mascontour.info\/de\/wp-json\/wp\/v2\/pages"}],"about":[{"href":"https:\/\/www.mascontour.info\/de\/wp-json\/wp\/v2\/types\/page"}],"author":[{"embeddable":true,"href":"https:\/\/www.mascontour.info\/de\/wp-json\/wp\/v2\/users\/9"}],"replies":[{"embeddable":true,"href":"https:\/\/www.mascontour.info\/de\/wp-json\/wp\/v2\/comments?post=12834"}],"version-history":[{"count":31,"href":"https:\/\/www.mascontour.info\/de\/wp-json\/wp\/v2\/pages\/12834\/revisions"}],"predecessor-version":[{"id":12981,"href":"https:\/\/www.mascontour.info\/de\/wp-json\/wp\/v2\/pages\/12834\/revisions\/12981"}],"wp:featuredmedia":[{"embeddable":true,"href":"https:\/\/www.mascontour.info\/de\/wp-json\/wp\/v2\/media\/10375"}],"wp:attachment":[{"href":"https:\/\/www.mascontour.info\/de\/wp-json\/wp\/v2\/media?parent=12834"}],"curies":[{"name":"wp","href":"https:\/\/api.w.org\/{rel}","templated":true}]}}