{"id":5928,"date":"2022-12-05T19:17:10","date_gmt":"2022-12-05T17:17:10","guid":{"rendered":"https:\/\/www.mascontour.info\/consulta-en-linea\/"},"modified":"2023-09-17T19:17:13","modified_gmt":"2023-09-17T17:17:13","slug":"consulta-en-linea","status":"publish","type":"page","link":"https:\/\/www.mascontour.info\/es\/consulta-en-linea\/","title":{"rendered":"Consulta en l\u00ednea"},"content":{"rendered":"\t\t<div data-elementor-type=\"wp-page\" data-elementor-id=\"5928\" class=\"elementor elementor-5928 elementor-4051\" data-elementor-post-type=\"page\">\n\t\t\t\t\t\t<section data-particle_enable=\"false\" data-particle-mobile-disabled=\"false\" class=\"elementor-section elementor-top-section elementor-element elementor-element-5a5d724d elementor-section-height-min-height elementor-section-boxed elementor-section-height-default elementor-section-items-middle\" data-id=\"5a5d724d\" data-element_type=\"section\" data-settings=\"{&quot;background_background&quot;:&quot;classic&quot;}\">\n\t\t\t\t\t\t\t<div class=\"elementor-background-overlay\"><\/div>\n\t\t\t\t\t\t\t<div class=\"elementor-container elementor-column-gap-default\">\n\t\t\t\t\t<div class=\"elementor-column elementor-col-50 elementor-top-column elementor-element elementor-element-7b20c025\" data-id=\"7b20c025\" data-element_type=\"column\">\n\t\t\t<div class=\"elementor-widget-wrap elementor-element-populated\">\n\t\t\t\t\t\t\t<\/div>\n\t\t<\/div>\n\t\t\t\t<div class=\"elementor-column elementor-col-50 elementor-top-column elementor-element elementor-element-dbaf9c7\" data-id=\"dbaf9c7\" data-element_type=\"column\">\n\t\t\t<div class=\"elementor-widget-wrap\">\n\t\t\t\t\t\t\t<\/div>\n\t\t<\/div>\n\t\t\t\t\t<\/div>\n\t\t<\/section>\n\t\t\t\t<section data-particle_enable=\"false\" data-particle-mobile-disabled=\"false\" class=\"elementor-section elementor-top-section elementor-element elementor-element-361ca58d elementor-section-height-min-height elementor-section-boxed elementor-section-height-default elementor-section-items-middle\" data-id=\"361ca58d\" data-element_type=\"section\">\n\t\t\t\t\t\t<div class=\"elementor-container elementor-column-gap-default\">\n\t\t\t\t\t<div class=\"elementor-column elementor-col-50 elementor-top-column elementor-element elementor-element-fe323fc\" data-id=\"fe323fc\" data-element_type=\"column\">\n\t\t\t<div class=\"elementor-widget-wrap elementor-element-populated\">\n\t\t\t\t\t\t<div class=\"elementor-element elementor-element-321502d2 elementor-widget elementor-widget-text-editor\" data-id=\"321502d2\" data-element_type=\"widget\" data-widget_type=\"text-editor.default\">\n\t\t\t\t\t\t\t\t\t<p>Estamos encantados de ofrecer asesoramiento en l\u00ednea tanto a nuestros clientes actuales y nuevos. Pronto podr\u00e1 reservar su cita directamente aqu\u00ed.<\/p>\n\t\t\t\t\t\t\t\t<\/div>\n\t\t\t\t\t<\/div>\n\t\t<\/div>\n\t\t\t\t<div class=\"elementor-column elementor-col-50 elementor-top-column elementor-element elementor-element-8fdd30f\" data-id=\"8fdd30f\" data-element_type=\"column\">\n\t\t\t<div class=\"elementor-widget-wrap elementor-element-populated\">\n\t\t\t\t\t\t<div class=\"elementor-element elementor-element-418554a elementor-widget elementor-widget-image\" data-id=\"418554a\" data-element_type=\"widget\" data-widget_type=\"image.default\">\n\t\t\t\t\t\t\t\t\t\t\t\t\t\t\t<img loading=\"lazy\" decoding=\"async\" width=\"800\" height=\"534\" src=\"https:\/\/www.mascontour.info\/wp-content\/uploads\/2021\/11\/mascontour-team_1920px_29-1024x683.jpg\" class=\"attachment-large size-large wp-image-4690\" alt=\"\" srcset=\"https:\/\/www.mascontour.info\/wp-content\/uploads\/2021\/11\/mascontour-team_1920px_29-1024x683.jpg 1024w, https:\/\/www.mascontour.info\/wp-content\/uploads\/2021\/11\/mascontour-team_1920px_29-300x200.jpg 300w, https:\/\/www.mascontour.info\/wp-content\/uploads\/2021\/11\/mascontour-team_1920px_29-768x512.jpg 768w, https:\/\/www.mascontour.info\/wp-content\/uploads\/2021\/11\/mascontour-team_1920px_29-1536x1024.jpg 1536w, https:\/\/www.mascontour.info\/wp-content\/uploads\/2021\/11\/mascontour-team_1920px_29.jpg 1920w\" sizes=\"auto, (max-width: 800px) 100vw, 800px\" \/>\t\t\t\t\t\t\t\t\t\t\t\t\t\t\t<\/div>\n\t\t\t\t\t<\/div>\n\t\t<\/div>\n\t\t\t\t\t<\/div>\n\t\t<\/section>\n\t\t\t\t<\/div>\n\t\t","protected":false},"excerpt":{"rendered":"<p>Estamos encantados de ofrecer asesoramiento en l\u00ednea tanto a nuestros clientes actuales y nuevos. Pronto podr\u00e1 reservar su cita directamente aqu\u00ed.<\/p>\n","protected":false},"author":1,"featured_media":0,"parent":0,"menu_order":0,"comment_status":"closed","ping_status":"closed","template":"","meta":{"footnotes":""},"class_list":["post-5928","page","type-page","status-publish","hentry"],"_links":{"self":[{"href":"https:\/\/www.mascontour.info\/es\/wp-json\/wp\/v2\/pages\/5928","targetHints":{"allow":["GET"]}}],"collection":[{"href":"https:\/\/www.mascontour.info\/es\/wp-json\/wp\/v2\/pages"}],"about":[{"href":"https:\/\/www.mascontour.info\/es\/wp-json\/wp\/v2\/types\/page"}],"author":[{"embeddable":true,"href":"https:\/\/www.mascontour.info\/es\/wp-json\/wp\/v2\/users\/1"}],"replies":[{"embeddable":true,"href":"https:\/\/www.mascontour.info\/es\/wp-json\/wp\/v2\/comments?post=5928"}],"version-history":[{"count":5,"href":"https:\/\/www.mascontour.info\/es\/wp-json\/wp\/v2\/pages\/5928\/revisions"}],"predecessor-version":[{"id":6525,"href":"https:\/\/www.mascontour.info\/es\/wp-json\/wp\/v2\/pages\/5928\/revisions\/6525"}],"wp:attachment":[{"href":"https:\/\/www.mascontour.info\/es\/wp-json\/wp\/v2\/media?parent=5928"}],"curies":[{"name":"wp","href":"https:\/\/api.w.org\/{rel}","templated":true}]}}