{"id":6378,"date":"2021-10-25T08:38:01","date_gmt":"2021-10-25T06:38:01","guid":{"rendered":"https:\/\/www.mascontour.info\/nuestra-experiencia-en-cooperacion-al-desarrollo\/"},"modified":"2024-07-19T13:13:46","modified_gmt":"2024-07-19T11:13:46","slug":"nuestra-experiencia-en-cooperacion-al-desarrollo","status":"publish","type":"page","link":"https:\/\/www.mascontour.info\/es\/pagina-de-inicio\/nuestra-experiencia-en-cooperacion-al-desarrollo\/","title":{"rendered":"Nuestra experiencia en cooperaci\u00f3n al desarrollo"},"content":{"rendered":"\t\t<div data-elementor-type=\"wp-page\" data-elementor-id=\"6378\" class=\"elementor elementor-6378 elementor-735\" data-elementor-post-type=\"page\">\n\t\t\t\t\t\t<section data-particle_enable=\"false\" data-particle-mobile-disabled=\"false\" class=\"elementor-section elementor-top-section elementor-element elementor-element-dc5a825 elementor-section-height-min-height elementor-section-boxed elementor-section-height-default elementor-section-items-middle\" data-id=\"dc5a825\" data-element_type=\"section\" data-settings=\"{&quot;background_background&quot;:&quot;classic&quot;}\">\n\t\t\t\t\t\t\t<div class=\"elementor-background-overlay\"><\/div>\n\t\t\t\t\t\t\t<div class=\"elementor-container elementor-column-gap-default\">\n\t\t\t\t\t<div class=\"elementor-column elementor-col-100 elementor-top-column elementor-element elementor-element-a638803\" data-id=\"a638803\" data-element_type=\"column\">\n\t\t\t<div class=\"elementor-widget-wrap elementor-element-populated\">\n\t\t\t\t\t\t<div class=\"elementor-element elementor-element-de8cb43 elementor-widget elementor-widget-heading\" data-id=\"de8cb43\" data-element_type=\"widget\" data-widget_type=\"heading.default\">\n\t\t\t\t\t<h2 class=\"elementor-heading-title elementor-size-default\">Trabajamos con organizaciones donantes, ONG, fundaciones e instituciones eclesi\u00e1sticas <\/h2>\t\t\t\t<\/div>\n\t\t\t\t\t<\/div>\n\t\t<\/div>\n\t\t\t\t\t<\/div>\n\t\t<\/section>\n\t\t\t\t<section data-particle_enable=\"false\" data-particle-mobile-disabled=\"false\" class=\"elementor-section elementor-top-section elementor-element elementor-element-9343e51 elementor-section-boxed elementor-section-height-default elementor-section-height-default\" data-id=\"9343e51\" data-element_type=\"section\">\n\t\t\t\t\t\t<div class=\"elementor-container elementor-column-gap-default\">\n\t\t\t\t\t<div class=\"elementor-column elementor-col-50 elementor-top-column elementor-element elementor-element-618484c\" data-id=\"618484c\" data-element_type=\"column\">\n\t\t\t<div class=\"elementor-widget-wrap elementor-element-populated\">\n\t\t\t\t\t\t<div class=\"elementor-element elementor-element-0f12a71 elementor-widget elementor-widget-image\" data-id=\"0f12a71\" data-element_type=\"widget\" data-widget_type=\"image.default\">\n\t\t\t\t\t\t\t\t\t\t\t\t\t\t\t<img loading=\"lazy\" decoding=\"async\" width=\"201\" height=\"201\" src=\"https:\/\/www.mascontour.info\/wp-content\/uploads\/2021\/12\/Entwicklungszusammenarbeit-single-farbe.png\" class=\"attachment-full size-full wp-image-4784\" alt=\"\" srcset=\"https:\/\/www.mascontour.info\/wp-content\/uploads\/2021\/12\/Entwicklungszusammenarbeit-single-farbe.png 201w, https:\/\/www.mascontour.info\/wp-content\/uploads\/2021\/12\/Entwicklungszusammenarbeit-single-farbe-150x150.png 150w\" sizes=\"auto, (max-width: 201px) 100vw, 201px\" \/>\t\t\t\t\t\t\t\t\t\t\t\t\t\t\t<\/div>\n\t\t\t\t\t<\/div>\n\t\t<\/div>\n\t\t\t\t<div class=\"elementor-column elementor-col-50 elementor-top-column elementor-element elementor-element-e03c422\" data-id=\"e03c422\" data-element_type=\"column\">\n\t\t\t<div class=\"elementor-widget-wrap elementor-element-populated\">\n\t\t\t\t\t\t<div class=\"elementor-element elementor-element-df389bd elementor-headline--style-highlight elementor-widget elementor-widget-animated-headline\" data-id=\"df389bd\" data-element_type=\"widget\" data-settings=\"{&quot;marker&quot;:&quot;double_underline&quot;,&quot;highlighted_text&quot;:&quot;el desarrollo tur\\u00edstico&quot;,&quot;headline_style&quot;:&quot;highlight&quot;,&quot;loop&quot;:&quot;yes&quot;,&quot;highlight_animation_duration&quot;:1200,&quot;highlight_iteration_delay&quot;:8000}\" data-widget_type=\"animated-headline.default\">\n\t\t\t\t\t\t\t<h3 class=\"elementor-headline\">\n\t\t\t\t\t<span class=\"elementor-headline-plain-text elementor-headline-text-wrapper\">Vincular eficazmente<\/span>\n\t\t\t\t<span class=\"elementor-headline-dynamic-wrapper elementor-headline-text-wrapper\">\n\t\t\t\t\t<span class=\"elementor-headline-dynamic-text elementor-headline-text-active\">el desarrollo tur\u00edstico<\/span>\n\t\t\t\t<\/span>\n\t\t\t\t\t<span class=\"elementor-headline-plain-text elementor-headline-text-wrapper\">con los objetivos de la pol\u00edtica de desarrollo <\/span>\n\t\t\t\t\t<\/h3>\n\t\t\t\t\t\t<\/div>\n\t\t\t\t<div class=\"elementor-element elementor-element-d0a6d17 elementor-widget elementor-widget-text-editor\" data-id=\"d0a6d17\" data-element_type=\"widget\" data-widget_type=\"text-editor.default\">\n\t\t\t\t\t\t\t\t\t<p>El turismo ofrece numerosas interfaces con los contenidos b\u00e1sicos de la cooperaci\u00f3n al desarrollo. Ofrece a los pa\u00edses del Sur Global grandes oportunidades para construir infraestructuras, crear empleo, promover los ciclos econ\u00f3micos locales, preservar su patrimonio natural y cultural y reducir la pobreza. Sin embargo, el desarrollo incontrolado del turismo tambi\u00e9n puede entra\u00f1ar grandes riesgos y tener repercusiones negativas en la sociedad, la cultura y la naturaleza de estos pa\u00edses.<\/p>\n<p>Por ello, en nuestros servicios de asesoramiento nos centramos en la protecci\u00f3n y preservaci\u00f3n coherentes de los recursos naturales y culturales, as\u00ed como de los derechos humanos, en el desarrollo del turismo en los pa\u00edses del Sur Global. El apoyo espec\u00edfico a los grupos de poblaci\u00f3n marginados y vulnerables, as\u00ed como a las microempresas y las empresas incipientes, es para nosotros tan importante como la consideraci\u00f3n de los l\u00edmites de sostenibilidad y crecimiento del turismo. Promovemos la participaci\u00f3n pol\u00edtica y econ\u00f3mica en el turismo y vinculamos siempre el desarrollo tur\u00edstico con medidas de prevenci\u00f3n y gesti\u00f3n de riesgos en aras de la resiliencia.<\/p>\n\t\t\t\t\t\t\t\t<\/div>\n\t\t\t\t\t<\/div>\n\t\t<\/div>\n\t\t\t\t\t<\/div>\n\t\t<\/section>\n\t\t\t\t<section data-particle_enable=\"false\" data-particle-mobile-disabled=\"false\" class=\"elementor-section elementor-top-section elementor-element elementor-element-0509490 elementor-section-boxed elementor-section-height-default elementor-section-height-default\" data-id=\"0509490\" data-element_type=\"section\" data-settings=\"{&quot;background_background&quot;:&quot;classic&quot;}\">\n\t\t\t\t\t\t<div class=\"elementor-container elementor-column-gap-default\">\n\t\t\t\t\t<div class=\"elementor-column elementor-col-100 elementor-top-column elementor-element elementor-element-555a026\" data-id=\"555a026\" data-element_type=\"column\">\n\t\t\t<div class=\"elementor-widget-wrap elementor-element-populated\">\n\t\t\t\t\t\t<div class=\"elementor-element elementor-element-0c70af0 elementor-widget elementor-widget-spacer\" data-id=\"0c70af0\" data-element_type=\"widget\" data-widget_type=\"spacer.default\">\n\t\t\t\t\t\t\t<div class=\"elementor-spacer\">\n\t\t\t<div class=\"elementor-spacer-inner\"><\/div>\n\t\t<\/div>\n\t\t\t\t\t\t<\/div>\n\t\t\t\t<div class=\"elementor-element elementor-element-8f0d15d elementor-widget elementor-widget-heading\" data-id=\"8f0d15d\" data-element_type=\"widget\" data-widget_type=\"heading.default\">\n\t\t\t\t\t<h2 class=\"elementor-heading-title elementor-size-default\">\u00bfC\u00f3mo apoyamos la cooperaci\u00f3n al desarrollo?<\/h2>\t\t\t\t<\/div>\n\t\t\t\t<div class=\"elementor-element elementor-element-4d03419 elementor-widget elementor-widget-text-editor\" data-id=\"4d03419\" data-element_type=\"widget\" data-widget_type=\"text-editor.default\">\n\t\t\t\t\t\t\t\t\t<p style=\"text-align: center;\">Ofrecemos servicios de un proveedor \u00fanico y acompa\u00f1amos a nuestros socios del Sur global desde el an\u00e1lisis hasta la aplicaci\u00f3n concreta de medidas.<\/p>\n\t\t\t\t\t\t\t\t<\/div>\n\t\t\t\t<div class=\"elementor-element elementor-element-b694813 elementor-widget elementor-widget-eael-content-timeline\" data-id=\"b694813\" data-element_type=\"widget\" data-widget_type=\"eael-content-timeline.default\">\n\t\t\t\t\t\t\t<div id=\"eael-content-timeline-b694813\" class=\"content-timeline-layout-center date-position- horizontal-timeline-wrapper\" data-slide_to_scroll=\"{&quot;desktop&quot;:1,&quot;mobile&quot;:1,&quot;tablet&quot;:1}\">\n\t\t\t<div class=\"eael-content-timeline-container\">\n\t\t\t\t<div class=\"eael-content-timeline-container\">\n\t\t\t\t\t\t\t\t\t\t\t\t\t\t\t\t\t\t\t\t\t\t\t<div class=\"eael-content-timeline-block\">\n    <div class=\"eael-content-timeline-line\">\n        <div class=\"eael-content-timeline-inner\"><\/div>\n    <\/div>\n    <div class=\"eael-content-timeline-img eael-picture \"><img decoding=\"async\" src=\"https:\/\/www.mascontour.info\/wp-content\/uploads\/2021\/10\/icons-mascontour-02.png\" style=\"width: px\" alt=\"\n\t\t\t\"><\/div><div class=\"eael-content-timeline-content\"><span class=\"eael-date\"><\/span><h2 class=\"eael-timeline-title\"><a href=\"#elementor-action%3Aaction%3Dpopup%3Aopen%26settings%3DeyJpZCI6NzIxMiwidG9nZ2xlIjpmYWxzZX0%3D\">Investigaci\u00f3n b\u00e1sica y an\u00e1lisis<\/a><\/h2><a href=\"#elementor-action%3Aaction%3Dpopup%3Aopen%26settings%3DeyJpZCI6NzIxMiwidG9nZ2xlIjpmYWxzZX0%3D\" class=\"eael-read-more\">&gt; Nuestra gama de servicios en esta fase<\/a><\/div><\/div>\t\t\t\t\t\t\t\t\t\t\t\t\t\t\t\t\t\t<div class=\"eael-content-timeline-block\">\n    <div class=\"eael-content-timeline-line\">\n        <div class=\"eael-content-timeline-inner\"><\/div>\n    <\/div>\n    <div class=\"eael-content-timeline-img eael-picture \"><img decoding=\"async\" src=\"https:\/\/www.mascontour.info\/wp-content\/uploads\/2021\/12\/Strategie-single-Farbe.png\" style=\"width: px\" alt=\"\n\t\t\t\"><\/div><div class=\"eael-content-timeline-content\"><span class=\"eael-date\"><\/span><h2 class=\"eael-timeline-title\"><a href=\"#elementor-action%3Aaction%3Dpopup%3Aopen%26settings%3DeyJpZCI6NzIwOCwidG9nZ2xlIjpmYWxzZX0%3D\">Estrategia y planificaci\u00f3n<\/a><\/h2><a href=\"#elementor-action%3Aaction%3Dpopup%3Aopen%26settings%3DeyJpZCI6NzIwOCwidG9nZ2xlIjpmYWxzZX0%3D\" class=\"eael-read-more\">&gt; Nuestra gama de servicios en esta fase<\/a><\/div><\/div>\t\t\t\t\t\t\t\t\t\t\t\t\t\t\t\t\t\t<div class=\"eael-content-timeline-block\">\n    <div class=\"eael-content-timeline-line\">\n        <div class=\"eael-content-timeline-inner\"><\/div>\n    <\/div>\n    <div class=\"eael-content-timeline-img eael-picture \"><img decoding=\"async\" src=\"https:\/\/www.mascontour.info\/wp-content\/uploads\/2021\/12\/Marketing-single-farbe.png\" style=\"width: px\" alt=\"\n\t\t\t\"><\/div><div class=\"eael-content-timeline-content\"><span class=\"eael-date\"><\/span><h2 class=\"eael-timeline-title\"><a href=\"#elementor-action%3Aaction%3Dpopup%3Aopen%26settings%3DeyJpZCI6NzIwNiwidG9nZ2xlIjpmYWxzZX0%3D\">Mercadeo y relaciones p\u00fablicas<\/a><\/h2><a href=\"#elementor-action%3Aaction%3Dpopup%3Aopen%26settings%3DeyJpZCI6NzIwNiwidG9nZ2xlIjpmYWxzZX0%3D\" class=\"eael-read-more\">&gt; Nuestra gama de servicios en esta fase<\/a><\/div><\/div>\t\t\t\t\t\t\t\t\t\t\t\t\t\t\t\t\t\t<div class=\"eael-content-timeline-block\">\n    <div class=\"eael-content-timeline-line\">\n        <div class=\"eael-content-timeline-inner\"><\/div>\n    <\/div>\n    <div class=\"eael-content-timeline-img eael-picture \"><img decoding=\"async\" src=\"https:\/\/www.mascontour.info\/wp-content\/uploads\/2021\/12\/Ausbildung-single-farbe.png\" style=\"width: px\" alt=\"\n\t\t\t\"><\/div><div class=\"eael-content-timeline-content\"><span class=\"eael-date\"><\/span><h2 class=\"eael-timeline-title\"><a href=\"#elementor-action%3Aaction%3Dpopup%3Aopen%26settings%3DeyJpZCI6NzIzMiwidG9nZ2xlIjpmYWxzZX0%3D\">Formaci\u00f3n y Capacitaci\u00f3n<\/a><\/h2><a href=\"#elementor-action%3Aaction%3Dpopup%3Aopen%26settings%3DeyJpZCI6NzIzMiwidG9nZ2xlIjpmYWxzZX0%3D\" class=\"eael-read-more\">&gt; Nuestra gama de servicios en esta fase<\/a><\/div><\/div>\t\t\t\t\t\t\t\t\t\t\t\t\t\t\t\t\t\t<div class=\"eael-content-timeline-block\">\n    <div class=\"eael-content-timeline-line\">\n        <div class=\"eael-content-timeline-inner\"><\/div>\n    <\/div>\n    <div class=\"eael-content-timeline-img eael-picture \"><img decoding=\"async\" src=\"https:\/\/www.mascontour.info\/wp-content\/uploads\/2021\/12\/Governance-single-farbe.png\" style=\"width: px\" alt=\"\n\t\t\t\"><\/div><div class=\"eael-content-timeline-content\"><span class=\"eael-date\"><\/span><h2 class=\"eael-timeline-title\"><a href=\"#elementor-action%3Aaction%3Dpopup%3Aopen%26settings%3DeyJpZCI6NzI1OCwidG9nZ2xlIjpmYWxzZX0%3D\">Gobernanza y Gesti\u00f3n<\/a><\/h2><a href=\"#elementor-action%3Aaction%3Dpopup%3Aopen%26settings%3DeyJpZCI6NzI1OCwidG9nZ2xlIjpmYWxzZX0%3D\" class=\"eael-read-more\">&gt; Nuestra gama de servicios en esta fase<\/a><\/div><\/div>\t\t\t\t\t\t\t\t\t\t\t\t\t\t\t\t\t\t<div class=\"eael-content-timeline-block\">\n    <div class=\"eael-content-timeline-line\">\n        <div class=\"eael-content-timeline-inner\"><\/div>\n    <\/div>\n    <div class=\"eael-content-timeline-img eael-picture \"><img decoding=\"async\" src=\"https:\/\/www.mascontour.info\/wp-content\/uploads\/2021\/12\/Evaluierung-single-farbe.png\" style=\"width: px\" alt=\"\n\t\t\t\"><\/div><div class=\"eael-content-timeline-content\"><span class=\"eael-date\"><\/span><h2 class=\"eael-timeline-title\"><a href=\"#elementor-action%3Aaction%3Dpopup%3Aopen%26settings%3DeyJpZCI6NzI0MCwidG9nZ2xlIjpmYWxzZX0%3D\">Evaluaci\u00f3n y Monitoreo<\/a><\/h2><a href=\"#elementor-action%3Aaction%3Dpopup%3Aopen%26settings%3DeyJpZCI6NzI0MCwidG9nZ2xlIjpmYWxzZX0%3D\" class=\"eael-read-more\">&gt; Nuestra gama de servicios en esta fase<\/a><\/div><\/div>\t\t\t\t\t\t\t\t\t\t\t\t\t\t\t\t\t\t<div class=\"eael-content-timeline-block\">\n    <div class=\"eael-content-timeline-line\">\n        <div class=\"eael-content-timeline-inner\"><\/div>\n    <\/div>\n    <div class=\"eael-content-timeline-img eael-picture \"><img decoding=\"async\" src=\"https:\/\/www.mascontour.info\/wp-content\/uploads\/2021\/12\/Umsetzungsbegleitung-single-farbe.png\" style=\"width: px\" alt=\"\n\t\t\t\"><\/div><div class=\"eael-content-timeline-content\"><span class=\"eael-date\"><\/span><h2 class=\"eael-timeline-title\"><a href=\"#elementor-action%3Aaction%3Dpopup%3Aopen%26settings%3DeyJpZCI6NzI1MCwidG9nZ2xlIjpmYWxzZX0%3D\">Apoyo al proceso y a la implementaci\u00f3n<\/a><\/h2><a href=\"#elementor-action%3Aaction%3Dpopup%3Aopen%26settings%3DeyJpZCI6NzI1MCwidG9nZ2xlIjpmYWxzZX0%3D\" class=\"eael-read-more\">&gt; Nuestra gama de servicios en esta fase<\/a><\/div><\/div>\t\t\t\t\t\t\t\t\t\t\t\t\t\t\t\t\t\t<div class=\"eael-content-timeline-block\">\n    <div class=\"eael-content-timeline-line\">\n        <div class=\"eael-content-timeline-inner\"><\/div>\n    <\/div>\n    <div class=\"eael-content-timeline-img eael-picture \"><img decoding=\"async\" src=\"https:\/\/www.mascontour.info\/wp-content\/uploads\/2021\/12\/Entwicklungszusammenarbeit-single-farbe.png\" style=\"width: px\" alt=\"\n\t\t\t\"><\/div><div class=\"eael-content-timeline-content\"><span class=\"eael-date\"><\/span><h2 class=\"eael-timeline-title\"><a href=\"#elementor-action%3Aaction%3Dpopup%3Aopen%26settings%3DeyJpZCI6NzIzOCwidG9nZ2xlIjpmYWxzZX0%3D\">Temas especiales<\/a><\/h2><a href=\"#elementor-action%3Aaction%3Dpopup%3Aopen%26settings%3DeyJpZCI6NzIzOCwidG9nZ2xlIjpmYWxzZX0%3D\" class=\"eael-read-more\">&gt; Nuestra gama de servicios en esta fase<\/a><\/div><\/div>\t\t\t\t<\/div>\n\t\t\t<\/div>\n\t\t<\/div>\n\t\t\t\t\t<\/div>\n\t\t\t\t\t<\/div>\n\t\t<\/div>\n\t\t\t\t\t<\/div>\n\t\t<\/section>\n\t\t\t\t<section data-particle_enable=\"false\" data-particle-mobile-disabled=\"false\" class=\"elementor-section elementor-top-section elementor-element elementor-element-44b3a2c6 elementor-section-boxed elementor-section-height-default elementor-section-height-default\" data-id=\"44b3a2c6\" data-element_type=\"section\">\n\t\t\t\t\t\t<div class=\"elementor-container elementor-column-gap-default\">\n\t\t\t\t\t<div class=\"elementor-column elementor-col-100 elementor-top-column elementor-element elementor-element-209c4177\" data-id=\"209c4177\" data-element_type=\"column\">\n\t\t\t<div class=\"elementor-widget-wrap elementor-element-populated\">\n\t\t\t\t\t\t<div class=\"elementor-element elementor-element-4b35b850 elementor-widget elementor-widget-heading\" data-id=\"4b35b850\" data-element_type=\"widget\" data-widget_type=\"heading.default\">\n\t\t\t\t\t<h3 class=\"elementor-heading-title elementor-size-default\">Selecci\u00f3n de nuestra cooperaci\u00f3n al desarrollo<\/h3>\t\t\t\t<\/div>\n\t\t\t\t<div class=\"elementor-element elementor-element-3d504443 eael_liquid_glass-effect1 eael_liquid_glass_shadow-effect1 elementor-widget elementor-widget-jet-listing-grid\" data-id=\"3d504443\" data-element_type=\"widget\" data-settings=\"{&quot;columns&quot;:&quot;4&quot;,&quot;columns_tablet&quot;:&quot;2&quot;,&quot;columns_mobile&quot;:&quot;1&quot;}\" data-widget_type=\"jet-listing-grid.default\">\n\t\t\t\t\t<div class=\"jet-listing-grid jet-listing\"><div class=\"jet-listing-not-found jet-listing-grid__items\" data-nav=\"{&quot;enabled&quot;:false,&quot;type&quot;:null,&quot;more_el&quot;:null,&quot;query&quot;:[],&quot;widget_settings&quot;:{&quot;lisitng_id&quot;:2686,&quot;posts_num&quot;:4,&quot;columns&quot;:4,&quot;columns_tablet&quot;:2,&quot;columns_mobile&quot;:1,&quot;column_min_width&quot;:240,&quot;column_min_width_tablet&quot;:240,&quot;column_min_width_mobile&quot;:240,&quot;inline_columns_css&quot;:false,&quot;is_archive_template&quot;:&quot;&quot;,&quot;post_status&quot;:[&quot;publish&quot;],&quot;use_random_posts_num&quot;:&quot;&quot;,&quot;max_posts_num&quot;:9,&quot;not_found_message&quot;:&quot;No se han encontrado&quot;,&quot;is_masonry&quot;:false,&quot;equal_columns_height&quot;:&quot;&quot;,&quot;use_load_more&quot;:&quot;&quot;,&quot;load_more_id&quot;:&quot;&quot;,&quot;load_more_type&quot;:&quot;scroll&quot;,&quot;load_more_offset&quot;:{&quot;unit&quot;:&quot;px&quot;,&quot;size&quot;:0,&quot;sizes&quot;:[]},&quot;use_custom_post_types&quot;:&quot;yes&quot;,&quot;custom_post_types&quot;:[&quot;projekte&quot;],&quot;hide_widget_if&quot;:&quot;&quot;,&quot;carousel_enabled&quot;:&quot;&quot;,&quot;slides_to_scroll&quot;:&quot;1&quot;,&quot;arrows&quot;:&quot;true&quot;,&quot;arrow_icon&quot;:&quot;fa fa-angle-left&quot;,&quot;dots&quot;:&quot;&quot;,&quot;autoplay&quot;:&quot;true&quot;,&quot;pause_on_hover&quot;:&quot;true&quot;,&quot;autoplay_speed&quot;:5000,&quot;infinite&quot;:&quot;true&quot;,&quot;center_mode&quot;:&quot;&quot;,&quot;effect&quot;:&quot;slide&quot;,&quot;speed&quot;:500,&quot;inject_alternative_items&quot;:&quot;&quot;,&quot;injection_items&quot;:[],&quot;scroll_slider_enabled&quot;:&quot;&quot;,&quot;scroll_slider_on&quot;:[&quot;desktop&quot;,&quot;tablet&quot;,&quot;mobile&quot;],&quot;custom_query&quot;:&quot;yes&quot;,&quot;custom_query_id&quot;:&quot;4&quot;,&quot;_element_id&quot;:&quot;&quot;,&quot;collapse_first_last_gap&quot;:false,&quot;list_tag_selection&quot;:&quot;&quot;,&quot;list_items_wrapper_tag&quot;:&quot;div&quot;,&quot;list_item_tag&quot;:&quot;div&quot;,&quot;empty_items_wrapper_tag&quot;:&quot;div&quot;}}\" data-listing-source=\"query\" data-listing-id=\"2686\" data-query-id=\"4\" data-queried-id=\"6378|WP_Post\">No se han encontrado<\/div><\/div>\t\t\t\t<\/div>\n\t\t\t\t<div class=\"elementor-element elementor-element-2ea12bd elementor-align-center elementor-widget elementor-widget-button\" data-id=\"2ea12bd\" data-element_type=\"widget\" data-widget_type=\"button.default\">\n\t\t\t\t\t\t\t\t\t\t<a class=\"elementor-button elementor-button-link elementor-size-sm\" href=\"https:\/\/www.mascontour.info\/es\/referencias\/\">\n\t\t\t\t\t\t<span class=\"elementor-button-content-wrapper\">\n\t\t\t\t\t\t\t\t\t<span class=\"elementor-button-text\">No se han encontrado<\/span>\n\t\t\t\t\t<\/span>\n\t\t\t\t\t<\/a>\n\t\t\t\t\t\t\t\t<\/div>\n\t\t\t\t\t<\/div>\n\t\t<\/div>\n\t\t\t\t\t<\/div>\n\t\t<\/section>\n\t\t\t\t<\/div>\n\t\t","protected":false},"excerpt":{"rendered":"<p>Trabajamos con organizaciones donantes, ONG, fundaciones e instituciones eclesi\u00e1sticas Vincular eficazmente el desarrollo tur\u00edstico con los objetivos de la pol\u00edtica de desarrollo El turismo ofrece numerosas interfaces con los contenidos b\u00e1sicos de la cooperaci\u00f3n al desarrollo. Ofrece a los pa\u00edses del Sur Global grandes oportunidades para construir infraestructuras, crear empleo, promover los ciclos econ\u00f3micos locales, [&hellip;]<\/p>\n","protected":false},"author":1,"featured_media":0,"parent":6386,"menu_order":0,"comment_status":"closed","ping_status":"closed","template":"","meta":{"footnotes":""},"class_list":["post-6378","page","type-page","status-publish","hentry"],"_links":{"self":[{"href":"https:\/\/www.mascontour.info\/es\/wp-json\/wp\/v2\/pages\/6378","targetHints":{"allow":["GET"]}}],"collection":[{"href":"https:\/\/www.mascontour.info\/es\/wp-json\/wp\/v2\/pages"}],"about":[{"href":"https:\/\/www.mascontour.info\/es\/wp-json\/wp\/v2\/types\/page"}],"author":[{"embeddable":true,"href":"https:\/\/www.mascontour.info\/es\/wp-json\/wp\/v2\/users\/1"}],"replies":[{"embeddable":true,"href":"https:\/\/www.mascontour.info\/es\/wp-json\/wp\/v2\/comments?post=6378"}],"version-history":[{"count":11,"href":"https:\/\/www.mascontour.info\/es\/wp-json\/wp\/v2\/pages\/6378\/revisions"}],"predecessor-version":[{"id":8398,"href":"https:\/\/www.mascontour.info\/es\/wp-json\/wp\/v2\/pages\/6378\/revisions\/8398"}],"up":[{"embeddable":true,"href":"https:\/\/www.mascontour.info\/es\/wp-json\/wp\/v2\/pages\/6386"}],"wp:attachment":[{"href":"https:\/\/www.mascontour.info\/es\/wp-json\/wp\/v2\/media?parent=6378"}],"curies":[{"name":"wp","href":"https:\/\/api.w.org\/{rel}","templated":true}]}}