{"id":6386,"date":"2021-08-24T07:18:27","date_gmt":"2021-08-24T05:18:27","guid":{"rendered":"https:\/\/www.mascontour.info\/pagina-de-inicio\/"},"modified":"2026-05-11T09:29:24","modified_gmt":"2026-05-11T07:29:24","slug":"pagina-de-inicio","status":"publish","type":"page","link":"https:\/\/www.mascontour.info\/es\/","title":{"rendered":"P\u00e1gina de inicio"},"content":{"rendered":"<p>\u00bfQu\u00e9 ocurre cuando 20 a\u00f1os de experiencia se encuentran con LA plataforma mundial del turismo, en s\u00f3lo tres intensos d\u00edas?<\/p>\n<p>En <a href=\"https:\/\/www.linkedin.com\/search\/results\/all\/?keywords=%23itbberlin&amp;origin=HASH_TAG_FROM_FEED\" target=\"_blank\" rel=\"noopener\">ITB Berlin<\/a> 2026, celebramos nuestros 20 a\u00f1os de trayectoria no s\u00f3lo mirando hacia atr\u00e1s, sino configurando activamente el futuro del turismo.<br \/>Desde sesiones que invitan a la reflexi\u00f3n sobre la adaptaci\u00f3n al cambio clim\u00e1tico, la bi&hellip;<\/p>","protected":false},"excerpt":{"rendered":"<p><\/p>\n\n<p>\u00bfQu\u00e9 ocurre cuando 20 a\u00f1os de experiencia se encuentran con LA plataforma mundial del turismo, en s\u00f3lo tres intensos d\u00edas?<br \/><br \/>En <a href=\"https:\/\/www.linkedin.com\/search\/results\/all\/?keywords=%23itbberlin&amp;origin=HASH_TAG_FROM_FEED\" target=\"_blank\" rel=\"noopener\">ITB Berlin<\/a> 2026, celebramos nuestros 20 a\u00f1os de trayectoria no s\u00f3lo mirando hacia atr\u00e1s, sino configurando activamente el futuro del turismo.<br \/>Desde sesiones que invitan a la reflexi\u00f3n sobre la adaptaci\u00f3n al cambio clim\u00e1tico, la bi&hellip;<\/p>","protected":false},"author":1,"featured_media":0,"parent":0,"menu_order":0,"comment_status":"closed","ping_status":"closed","template":"elementor_header_footer","meta":{"footnotes":""},"class_list":["post-6386","page","type-page","status-publish","hentry"],"_links":{"self":[{"href":"https:\/\/www.mascontour.info\/es\/wp-json\/wp\/v2\/pages\/6386","targetHints":{"allow":["GET"]}}],"collection":[{"href":"https:\/\/www.mascontour.info\/es\/wp-json\/wp\/v2\/pages"}],"about":[{"href":"https:\/\/www.mascontour.info\/es\/wp-json\/wp\/v2\/types\/page"}],"author":[{"embeddable":true,"href":"https:\/\/www.mascontour.info\/es\/wp-json\/wp\/v2\/users\/1"}],"replies":[{"embeddable":true,"href":"https:\/\/www.mascontour.info\/es\/wp-json\/wp\/v2\/comments?post=6386"}],"version-history":[{"count":30,"href":"https:\/\/www.mascontour.info\/es\/wp-json\/wp\/v2\/pages\/6386\/revisions"}],"predecessor-version":[{"id":13229,"href":"https:\/\/www.mascontour.info\/es\/wp-json\/wp\/v2\/pages\/6386\/revisions\/13229"}],"wp:attachment":[{"href":"https:\/\/www.mascontour.info\/es\/wp-json\/wp\/v2\/media?parent=6386"}],"curies":[{"name":"wp","href":"https:\/\/api.w.org\/{rel}","templated":true}]}}