{"id":6400,"date":"2021-08-24T06:59:06","date_gmt":"2021-08-24T04:59:06","guid":{"rendered":"https:\/\/www.mascontour.info\/colaboracion\/"},"modified":"2023-09-16T15:02:35","modified_gmt":"2023-09-16T13:02:35","slug":"colaboracion","status":"publish","type":"page","link":"https:\/\/www.mascontour.info\/es\/colaboracion\/","title":{"rendered":"Vacantes laborales"},"content":{"rendered":"\t\t<div data-elementor-type=\"wp-page\" data-elementor-id=\"6400\" class=\"elementor elementor-6400 elementor-33\" data-elementor-post-type=\"page\">\n\t\t\t\t\t\t<section data-particle_enable=\"false\" data-particle-mobile-disabled=\"false\" class=\"elementor-section elementor-top-section elementor-element elementor-element-39f05d3c elementor-section-height-min-height elementor-section-boxed elementor-section-height-default elementor-section-items-middle\" data-id=\"39f05d3c\" data-element_type=\"section\" data-settings=\"{&quot;background_background&quot;:&quot;classic&quot;}\">\n\t\t\t\t\t\t\t<div class=\"elementor-background-overlay\"><\/div>\n\t\t\t\t\t\t\t<div class=\"elementor-container elementor-column-gap-default\">\n\t\t\t\t\t<div class=\"elementor-column elementor-col-50 elementor-top-column elementor-element elementor-element-7c1f89fb\" data-id=\"7c1f89fb\" data-element_type=\"column\">\n\t\t\t<div class=\"elementor-widget-wrap elementor-element-populated\">\n\t\t\t\t\t\t<div class=\"elementor-element elementor-element-699cef6 elementor-widget elementor-widget-heading\" data-id=\"699cef6\" data-element_type=\"widget\" data-widget_type=\"heading.default\">\n\t\t\t\t\t<h3 class=\"elementor-heading-title elementor-size-default\">\u00danete a nuestro equipo<\/h3>\t\t\t\t<\/div>\n\t\t\t\t\t<\/div>\n\t\t<\/div>\n\t\t\t\t<div class=\"elementor-column elementor-col-50 elementor-top-column elementor-element elementor-element-4ebedf3d\" data-id=\"4ebedf3d\" data-element_type=\"column\">\n\t\t\t<div class=\"elementor-widget-wrap\">\n\t\t\t\t\t\t\t<\/div>\n\t\t<\/div>\n\t\t\t\t\t<\/div>\n\t\t<\/section>\n\t\t\t\t<section data-particle_enable=\"false\" data-particle-mobile-disabled=\"false\" class=\"elementor-section elementor-top-section elementor-element elementor-element-ecb752e elementor-section-boxed elementor-section-height-default elementor-section-height-default\" data-id=\"ecb752e\" data-element_type=\"section\">\n\t\t\t\t\t\t<div class=\"elementor-container elementor-column-gap-default\">\n\t\t\t\t\t<div class=\"elementor-column elementor-col-100 elementor-top-column elementor-element elementor-element-5c7255d\" data-id=\"5c7255d\" data-element_type=\"column\">\n\t\t\t<div class=\"elementor-widget-wrap elementor-element-populated\">\n\t\t\t\t\t\t<div class=\"elementor-element elementor-element-30cc14b elementor-headline--style-highlight elementor-widget elementor-widget-animated-headline\" data-id=\"30cc14b\" data-element_type=\"widget\" data-settings=\"{&quot;marker&quot;:&quot;underline&quot;,&quot;highlighted_text&quot;:&quot;el turismo sostenible&quot;,&quot;headline_style&quot;:&quot;highlight&quot;,&quot;loop&quot;:&quot;yes&quot;,&quot;highlight_animation_duration&quot;:1200,&quot;highlight_iteration_delay&quot;:8000}\" data-widget_type=\"animated-headline.default\">\n\t\t\t\t\t\t\t<h2 class=\"elementor-headline\">\n\t\t\t\t\t<span class=\"elementor-headline-plain-text elementor-headline-text-wrapper\">\u00bfA ti tambi\u00e9n te apasiona <\/span>\n\t\t\t\t<span class=\"elementor-headline-dynamic-wrapper elementor-headline-text-wrapper\">\n\t\t\t\t\t<span class=\"elementor-headline-dynamic-text elementor-headline-text-active\">el turismo sostenible<\/span>\n\t\t\t\t<\/span>\n\t\t\t\t\t<span class=\"elementor-headline-plain-text elementor-headline-text-wrapper\">?<\/span>\n\t\t\t\t\t<\/h2>\n\t\t\t\t\t\t<\/div>\n\t\t\t\t<div class=\"elementor-element elementor-element-b3977d5 elementor-widget elementor-widget-text-editor\" data-id=\"b3977d5\" data-element_type=\"widget\" data-widget_type=\"text-editor.default\">\n\t\t\t\t\t\t\t\t\t<p>Entonces, cont\u00e1ctanos!<\/p>\n\t\t\t\t\t\t\t\t<\/div>\n\t\t\t\t\t<\/div>\n\t\t<\/div>\n\t\t\t\t\t<\/div>\n\t\t<\/section>\n\t\t\t\t<section data-particle_enable=\"false\" data-particle-mobile-disabled=\"false\" class=\"elementor-section elementor-top-section elementor-element elementor-element-5f8b33b1 elementor-section-boxed elementor-section-height-default elementor-section-height-default\" data-id=\"5f8b33b1\" data-element_type=\"section\">\n\t\t\t\t\t\t<div class=\"elementor-container elementor-column-gap-default\">\n\t\t\t\t\t<div class=\"elementor-column elementor-col-50 elementor-top-column elementor-element elementor-element-fa36694\" data-id=\"fa36694\" data-element_type=\"column\">\n\t\t\t<div class=\"elementor-widget-wrap elementor-element-populated\">\n\t\t\t\t\t\t<div class=\"elementor-element elementor-element-509a978 elementor-widget elementor-widget-heading\" data-id=\"509a978\" data-element_type=\"widget\" data-widget_type=\"heading.default\">\n\t\t\t\t\t<h4 class=\"elementor-heading-title elementor-size-default\">Base de datos de expertos<\/h4>\t\t\t\t<\/div>\n\t\t\t\t<div class=\"elementor-element elementor-element-4177ffc elementor-widget elementor-widget-text-editor\" data-id=\"4177ffc\" data-element_type=\"widget\" data-widget_type=\"text-editor.default\">\n\t\t\t\t\t\t\t\t\t<p>Siempre estamos buscando expertos comprometidos de diversas disciplinas para misiones a corto y largo plazo en nuestros proyectos nacionales e internacionales. Se requiere <strong>un m\u00ednimo de 8 a\u00f1os de experiencia profesional tras la obtenci\u00f3n de un m\u00e1ster.<\/strong>. Si est\u00e1s interesado\/a, env\u00edanos tu CV. Nos pondremos en contacto contigo en cuanto surjan oportunidades de cooperaci\u00f3n.<\/p>\n\t\t\t\t\t\t\t\t<\/div>\n\t\t\t\t<div class=\"elementor-element elementor-element-4984d6b elementor-align-right elementor-widget elementor-widget-button\" data-id=\"4984d6b\" data-element_type=\"widget\" data-widget_type=\"button.default\">\n\t\t\t\t\t\t\t\t\t\t<a class=\"elementor-button elementor-button-link elementor-size-md\" href=\"https:\/\/www.mascontour.info\/es\/expertos\/\">\n\t\t\t\t\t\t<span class=\"elementor-button-content-wrapper\">\n\t\t\t\t\t\t<span class=\"elementor-button-icon\">\n\t\t\t\t<i aria-hidden=\"true\" class=\"fas fa-long-arrow-alt-right\"><\/i>\t\t\t<\/span>\n\t\t\t\t\t\t\t\t\t<span class=\"elementor-button-text\">Para registrarse<\/span>\n\t\t\t\t\t<\/span>\n\t\t\t\t\t<\/a>\n\t\t\t\t\t\t\t\t<\/div>\n\t\t\t\t<div class=\"elementor-element elementor-element-af62a7a elementor-widget elementor-widget-heading\" data-id=\"af62a7a\" data-element_type=\"widget\" data-widget_type=\"heading.default\">\n\t\t\t\t\t<h4 class=\"elementor-heading-title elementor-size-default\">Pr\u00e1cticas<\/h4>\t\t\t\t<\/div>\n\t\t\t\t<div class=\"elementor-element elementor-element-ae5ca3a elementor-widget elementor-widget-text-editor\" data-id=\"ae5ca3a\" data-element_type=\"widget\" data-widget_type=\"text-editor.default\">\n\t\t\t\t\t\t\t\t\t<p>Est\u00e1s interesado\/a en<\/p>\n<ul>\n<li>consultor\u00eda tur\u00edstica sostenible e innovadora<\/li>\n<li>proyectos internacionales en el marco de la cooperaci\u00f3n al desarrollo<\/li>\n<li>trabajar en un equipo comprometido y cordial<\/li>\n<\/ul>\n\t\t\t\t\t\t\t\t<\/div>\n\t\t\t\t<div class=\"elementor-element elementor-element-2599780 elementor-widget elementor-widget-text-editor\" data-id=\"2599780\" data-element_type=\"widget\" data-widget_type=\"text-editor.default\">\n\t\t\t\t\t\t\t\t\t<p>Entonces, \u00a1solicita unas pr\u00e1cticas con nosotros!<\/p>\n<p><strong>Buscamos practicantes para fortalecer nuestro equipo.<\/strong><\/p>\n\t\t\t\t\t\t\t\t<\/div>\n\t\t\t\t<div class=\"elementor-element elementor-element-a63a495 elementor-align-right elementor-widget elementor-widget-button\" data-id=\"a63a495\" data-element_type=\"widget\" data-widget_type=\"button.default\">\n\t\t\t\t\t\t\t\t\t\t<a class=\"elementor-button elementor-button-link elementor-size-md\" href=\"https:\/\/www.mascontour.info\/es\/practicas\/\">\n\t\t\t\t\t\t<span class=\"elementor-button-content-wrapper\">\n\t\t\t\t\t\t<span class=\"elementor-button-icon\">\n\t\t\t\t<i aria-hidden=\"true\" class=\"fas fa-long-arrow-alt-right\"><\/i>\t\t\t<\/span>\n\t\t\t\t\t\t\t\t\t<span class=\"elementor-button-text\">Haz clic aqu\u00ed para aplicar<\/span>\n\t\t\t\t\t<\/span>\n\t\t\t\t\t<\/a>\n\t\t\t\t\t\t\t\t<\/div>\n\t\t\t\t\t<\/div>\n\t\t<\/div>\n\t\t\t\t<div class=\"elementor-column elementor-col-50 elementor-top-column elementor-element elementor-element-49370179\" data-id=\"49370179\" data-element_type=\"column\">\n\t\t\t<div class=\"elementor-widget-wrap elementor-element-populated\">\n\t\t\t\t\t\t<div class=\"elementor-element elementor-element-06e9c9b elementor-widget elementor-widget-image\" data-id=\"06e9c9b\" data-element_type=\"widget\" data-widget_type=\"image.default\">\n\t\t\t\t\t\t\t\t\t\t\t\t\t\t\t<img loading=\"lazy\" decoding=\"async\" width=\"800\" height=\"533\" src=\"https:\/\/www.mascontour.info\/wp-content\/uploads\/2021\/12\/mascontour-team_800px_20.jpg\" class=\"attachment-large size-large wp-image-4808\" alt=\"\" srcset=\"https:\/\/www.mascontour.info\/wp-content\/uploads\/2021\/12\/mascontour-team_800px_20.jpg 800w, https:\/\/www.mascontour.info\/wp-content\/uploads\/2021\/12\/mascontour-team_800px_20-300x200.jpg 300w, https:\/\/www.mascontour.info\/wp-content\/uploads\/2021\/12\/mascontour-team_800px_20-768x512.jpg 768w\" sizes=\"auto, (max-width: 800px) 100vw, 800px\" \/>\t\t\t\t\t\t\t\t\t\t\t\t\t\t\t<\/div>\n\t\t\t\t\t<\/div>\n\t\t<\/div>\n\t\t\t\t\t<\/div>\n\t\t<\/section>\n\t\t\t\t<\/div>\n\t\t","protected":false},"excerpt":{"rendered":"<p>\u00danete a nuestro equipo \u00bfA ti tambi\u00e9n te apasiona el turismo sostenible ? Entonces, cont\u00e1ctanos! Base de datos de expertos Siempre estamos buscando expertos comprometidos de diversas disciplinas para misiones a corto y largo plazo en nuestros proyectos nacionales e internacionales. Se requiere un m\u00ednimo de 8 a\u00f1os de experiencia profesional tras la obtenci\u00f3n de [&hellip;]<\/p>\n","protected":false},"author":1,"featured_media":0,"parent":0,"menu_order":0,"comment_status":"closed","ping_status":"closed","template":"elementor_header_footer","meta":{"footnotes":""},"class_list":["post-6400","page","type-page","status-publish","hentry"],"_links":{"self":[{"href":"https:\/\/www.mascontour.info\/es\/wp-json\/wp\/v2\/pages\/6400","targetHints":{"allow":["GET"]}}],"collection":[{"href":"https:\/\/www.mascontour.info\/es\/wp-json\/wp\/v2\/pages"}],"about":[{"href":"https:\/\/www.mascontour.info\/es\/wp-json\/wp\/v2\/types\/page"}],"author":[{"embeddable":true,"href":"https:\/\/www.mascontour.info\/es\/wp-json\/wp\/v2\/users\/1"}],"replies":[{"embeddable":true,"href":"https:\/\/www.mascontour.info\/es\/wp-json\/wp\/v2\/comments?post=6400"}],"version-history":[{"count":9,"href":"https:\/\/www.mascontour.info\/es\/wp-json\/wp\/v2\/pages\/6400\/revisions"}],"predecessor-version":[{"id":6510,"href":"https:\/\/www.mascontour.info\/es\/wp-json\/wp\/v2\/pages\/6400\/revisions\/6510"}],"wp:attachment":[{"href":"https:\/\/www.mascontour.info\/es\/wp-json\/wp\/v2\/media?parent=6400"}],"curies":[{"name":"wp","href":"https:\/\/api.w.org\/{rel}","templated":true}]}}