{"id":6413,"date":"2021-08-24T06:52:20","date_gmt":"2021-08-24T04:52:20","guid":{"rendered":"https:\/\/www.mascontour.info\/pie-de-imprenta\/"},"modified":"2023-09-16T14:14:59","modified_gmt":"2023-09-16T12:14:59","slug":"pie-de-imprenta","status":"publish","type":"page","link":"https:\/\/www.mascontour.info\/es\/pie-de-imprenta\/","title":{"rendered":"Pie de imprenta"},"content":{"rendered":"\t\t<div data-elementor-type=\"wp-page\" data-elementor-id=\"6413\" class=\"elementor elementor-6413 elementor-9\" data-elementor-post-type=\"page\">\n\t\t\t\t\t\t<section data-particle_enable=\"false\" data-particle-mobile-disabled=\"false\" class=\"elementor-section elementor-top-section elementor-element elementor-element-3386736 elementor-section-boxed elementor-section-height-default elementor-section-height-default\" data-id=\"3386736\" data-element_type=\"section\">\n\t\t\t\t\t\t<div class=\"elementor-container elementor-column-gap-default\">\n\t\t\t\t\t<div class=\"elementor-column elementor-col-100 elementor-top-column elementor-element elementor-element-618dfe6\" data-id=\"618dfe6\" data-element_type=\"column\">\n\t\t\t<div class=\"elementor-widget-wrap elementor-element-populated\">\n\t\t\t\t\t\t<div class=\"elementor-element elementor-element-4572696 elementor-widget elementor-widget-heading\" data-id=\"4572696\" data-element_type=\"widget\" data-widget_type=\"heading.default\">\n\t\t\t\t\t<h1 class=\"elementor-heading-title elementor-size-default\">Pie de imprenta<\/h1>\t\t\t\t<\/div>\n\t\t\t\t<section data-particle_enable=\"false\" data-particle-mobile-disabled=\"false\" class=\"elementor-section elementor-inner-section elementor-element elementor-element-7b60a37 elementor-section-boxed elementor-section-height-default elementor-section-height-default\" data-id=\"7b60a37\" data-element_type=\"section\">\n\t\t\t\t\t\t<div class=\"elementor-container elementor-column-gap-default\">\n\t\t\t\t\t<div class=\"elementor-column elementor-col-50 elementor-inner-column elementor-element elementor-element-3d4b23a\" data-id=\"3d4b23a\" data-element_type=\"column\">\n\t\t\t<div class=\"elementor-widget-wrap elementor-element-populated\">\n\t\t\t\t\t\t<div class=\"elementor-element elementor-element-fb78df9 elementor-widget elementor-widget-text-editor\" data-id=\"fb78df9\" data-element_type=\"widget\" data-widget_type=\"text-editor.default\">\n\t\t\t\t\t\t\t\t\t<h2>Informaci\u00f3n seg\u00fan \u00a7 5 TMG<\/h2><p>mascontour GmbH<br \/>Schwiebusser Str. 9<br \/>10965 Berlin<\/p><section><section id=\"detail\"><\/section><h3>REPRESENTADO POR<\/h3><section><section>mascontour GmbH<\/section><section>Director Gerente: Dipl.-Ing. Matthias Beyer<\/section><h3>CONTACTO<\/h3><\/section><p>Tel\u00e9fono: +49 (0) 30 616 257 47<br \/>Fax: +49 (0) 30 612 025 84<br \/>E-mail <span id=\"cloak09c63f5e995a6e82a897692eb6f40113\"><a class=\"readmore\" href=\"mailto:contact@mascontour.info\">contact@mascontour.info<\/a><\/span><\/p><section><h3>REGISTRO MERCANTIL<\/h3><p>Inscripci\u00f3n en el Registro Mercantil.<br \/>Tribunal del registro: Juzgado Local de Berlin-Charlottenburg<br \/>N\u00famero de registro: HRB 151633 B<\/p><h3>IMPUESTO SOBRE LAS VENTAS<\/h3><p>N\u00famero de identificaci\u00f3n fiscal seg\u00fan \u00a727 a Umsatzsteuergesetz: DE290625463<br \/>N\u00famero de identificaci\u00f3n fiscal 37\/436\/30763<\/p><h3>RESPONSABLE DEL CONTENIDO SEG\u00daN \u00a7 55 P\u00c1RR. 2 RSTV<\/h3><p>mascontour GmbH<br \/>Director Gerente: Dipl.-Ing. Matthias Beyer<br \/>Schwiebusser Str. 9<br \/>10965 Berl\u00edn<\/p><h3>NOMBRES<\/h3><p>Fotos y v\u00eddeos del equipo mascontour: <a href=\"http:\/\/www.britta-radike.de\" target=\"_blank\" rel=\"noopener\">Britta Radike<\/a><\/p><p><a href=\"http:\/\/www.vanovi.design\" target=\"_blank\" rel=\"noopener\">Dise\u00f1o web: www.vanovi.design<\/a><\/p><\/section><\/section>\t\t\t\t\t\t\t\t<\/div>\n\t\t\t\t\t<\/div>\n\t\t<\/div>\n\t\t\t\t<div class=\"elementor-column elementor-col-50 elementor-inner-column elementor-element elementor-element-dd3c169\" data-id=\"dd3c169\" data-element_type=\"column\">\n\t\t\t<div class=\"elementor-widget-wrap elementor-element-populated\">\n\t\t\t\t\t\t<div class=\"elementor-element elementor-element-0aa4766 elementor-widget elementor-widget-text-editor\" data-id=\"0aa4766\" data-element_type=\"widget\" data-widget_type=\"text-editor.default\">\n\t\t\t\t\t\t\t\t\t<h2>Descargo de responsabilidad e informaci\u00f3n jur\u00eddica<\/h2>\n<div class=\"null-row\">\n<div class=\"col-sm-6\">\n<h3>RESOLUCI\u00d3N DE LITIGIOS<\/h3>\n<p>La Comisi\u00f3n Europea ofrece una plataforma para la resoluci\u00f3n de litigios en l\u00ednea (OS): &nbsp;<a href=\"https:\/\/ec.europa.eu\/consumers\/odr\" target=\"_blank\" rel=\"noopener\">https:\/\/ec.europa.eu\/consumers\/odr<\/a>.<\/p>\n<p>Encontrar\u00e1 nuestra direcci\u00f3n de correo electr\u00f3nico en el pie de imprenta. No estamos dispuestos ni obligados a participar en procedimientos de resoluci\u00f3n de litigios ante una junta arbitral de consumo.<\/p>\n<h3>RESPONSABILIDAD POR LOS CONTENIDOS<\/h3>\n<p>Como proveedor de servicios, somos responsables de nuestros propios contenidos en estas p\u00e1ginas de acuerdo con las leyes generales seg\u00fan \u00a7 7 P\u00e1rr.1 TMG. Sin embargo, seg\u00fan los \u00a7\u00a7 8 a 10 TMG, como proveedor de servicios no estamos obligados a controlar la informaci\u00f3n ajena transmitida o almacenada ni a investigar circunstancias que indiquen una actividad ilegal.<\/p>\n<p>Esto no afecta a las obligaciones de eliminar o bloquear el uso de informaci\u00f3n de conformidad con las leyes generales. Sin embargo, la responsabilidad a este respecto s\u00f3lo es posible a partir del momento en que se tiene conocimiento de una infracci\u00f3n concreta de la ley. Si tenemos conocimiento de infracciones correspondientes, eliminaremos estos contenidos inmediatamente.<\/p>\n<h3>RESPONSABILIDAD POR ENLACES<\/h3>\n<p>Nuestra oferta contiene enlaces a sitios web externos sobre los que no tenemos influencia. Por lo tanto, no podemos asumir ninguna responsabilidad por este contenido externo. El respectivo proveedor u operador de las p\u00e1ginas es siempre responsable del contenido de las p\u00e1ginas enlazadas. Las p\u00e1ginas enlazadas fueron revisadas por posibles violaciones legales en el momento del enlace. El contenido ilegal no era reconocible en el momento de la vinculaci\u00f3n.<\/p>\n<p>Sin embargo, un control permanente del contenido de las p\u00e1ginas enlazadas no es razonable sin pruebas concretas de una infracci\u00f3n. Tan pronto como tengamos conocimiento de infracciones legales, eliminaremos dichos enlaces de inmediato.<\/p>\n<\/div>\n<div class=\"col-sm-6\">\n<h3>DERECHOS DE AUTOR<\/h3>\n<p>El contenido y los trabajos en estas p\u00e1ginas creados por los operadores del sitio est\u00e1n sujetos a la ley alemana de derechos de autor. La reproducci\u00f3n, edici\u00f3n, distribuci\u00f3n y cualquier tipo de explotaci\u00f3n fuera de los l\u00edmites de los derechos de autor requieren el consentimiento por escrito del respectivo autor o creador. Las descargas y copias de este sitio solo est\u00e1n permitidas para uso privado y no comercial.<\/p>\n<p>Siempre que el contenido de este sitio no haya sido creado por el operador, se respetan los derechos de autor de terceros. En particular, los contenidos de terceros est\u00e1n marcados como tales. No obstante, si se entera de una infracci\u00f3n de derechos de autor, le pedimos que nos informe en consecuencia. Tan pronto como tengamos conocimiento de violaciones legales, eliminaremos dicho contenido de inmediato.&nbsp;<\/p>\n<\/div>\n<\/div>\t\t\t\t\t\t\t\t<\/div>\n\t\t\t\t\t<\/div>\n\t\t<\/div>\n\t\t\t\t\t<\/div>\n\t\t<\/section>\n\t\t\t\t\t<\/div>\n\t\t<\/div>\n\t\t\t\t\t<\/div>\n\t\t<\/section>\n\t\t\t\t<\/div>\n\t\t","protected":false},"excerpt":{"rendered":"<p>Pie de imprenta Informaci\u00f3n seg\u00fan \u00a7 5 TMG mascontour GmbHSchwiebusser Str. 910965 Berlin REPRESENTADO POR mascontour GmbH Director Gerente: Dipl.-Ing. Matthias Beyer CONTACTO Tel\u00e9fono: +49 (0) 30 616 257 47Fax: +49 (0) 30 612 025 84E-mail contact@mascontour.info REGISTRO MERCANTIL Inscripci\u00f3n en el Registro Mercantil.Tribunal del registro: Juzgado Local de Berlin-CharlottenburgN\u00famero de registro: HRB 151633 B [&hellip;]<\/p>\n","protected":false},"author":1,"featured_media":0,"parent":0,"menu_order":0,"comment_status":"closed","ping_status":"closed","template":"elementor_header_footer","meta":{"footnotes":""},"class_list":["post-6413","page","type-page","status-publish","hentry"],"_links":{"self":[{"href":"https:\/\/www.mascontour.info\/es\/wp-json\/wp\/v2\/pages\/6413","targetHints":{"allow":["GET"]}}],"collection":[{"href":"https:\/\/www.mascontour.info\/es\/wp-json\/wp\/v2\/pages"}],"about":[{"href":"https:\/\/www.mascontour.info\/es\/wp-json\/wp\/v2\/types\/page"}],"author":[{"embeddable":true,"href":"https:\/\/www.mascontour.info\/es\/wp-json\/wp\/v2\/users\/1"}],"replies":[{"embeddable":true,"href":"https:\/\/www.mascontour.info\/es\/wp-json\/wp\/v2\/comments?post=6413"}],"version-history":[{"count":6,"href":"https:\/\/www.mascontour.info\/es\/wp-json\/wp\/v2\/pages\/6413\/revisions"}],"predecessor-version":[{"id":12207,"href":"https:\/\/www.mascontour.info\/es\/wp-json\/wp\/v2\/pages\/6413\/revisions\/12207"}],"wp:attachment":[{"href":"https:\/\/www.mascontour.info\/es\/wp-json\/wp\/v2\/media?parent=6413"}],"curies":[{"name":"wp","href":"https:\/\/api.w.org\/{rel}","templated":true}]}}